{"id":4731,"date":"2019-06-10T17:55:27","date_gmt":"2019-06-10T17:55:27","guid":{"rendered":"https:\/\/www.okler.net\/ezy\/wordpress\/multi-purpose-1\/?page_id=4731"},"modified":"2023-06-02T07:43:32","modified_gmt":"2023-06-02T07:43:32","slug":"iletisim","status":"publish","type":"page","link":"http:\/\/www.timosys.net\/index.php\/iletisim\/","title":{"rendered":"\u0130leti\u015fim"},"content":{"rendered":"<p>[vc_section full_width=&#8221;stretch_row_content&#8221; parallax=&#8221;content-moving&#8221; parallax_image=&#8221;55209&#8243; css_animation=&#8221;fadeIn&#8221; css_animation_delay=&#8221;200&#8243;][vc_row][vc_column][vc_empty_space height=&#8221;300px&#8221;][\/vc_column][\/vc_row][\/vc_section][vc_row css_animation=&#8221;fadeInUpShorter&#8221; css_animation_delay=&#8221;400&#8243; css=&#8221;.vc_custom_1560193705157{margin-top: -150px !important;margin-bottom: 0px !important;padding-top: 70px !important;background-color: #ffffff !important;border-radius: 5px !important;}&#8221;][vc_column width=&#8221;5\/6&#8243; offset=&#8221;vc_col-sm-offset-1&#8243; css=&#8221;.vc_custom_1560255232527{padding-right: 2rem !important;padding-left: 2rem !important;}&#8221;]<div  class=\"ezy-heading text-center  appear-animation\" data-appear-animation=\"fadeInUpShorter\" data-appear-animation-delay=\"600\" data-appear-animation-duration=\"750ms\"><span class=\"ezy-text-tag heading-sub-title d-block font-weight-light has-skin-text-color text-color-primary\" style=\"font-size: 13px !important; \">\u0130LET\u0130\u015e\u0130M B\u0130LG\u0130LER\u0130<\/span><h2 class=\"ezy-text-tag main-heading-text font-weight-bold has-skin-text-color text-color-dark\" style=\"margin-bottom: 5px;\">TimoSYS Ak\u0131ll\u0131 Enerji Y\u00f6netim \u00c7\u00f6z\u00fcmleri<\/h2><\/div>[vc_column_text css_animation=&#8221;fadeInUpShorter&#8221; css_animation_delay=&#8221;1000&#8243; css=&#8221;.vc_custom_1679902968058{margin-bottom: 50px !important;}&#8221;]<\/p>\n<p style=\"text-align: center;\">Bize sormak istedi\u011finiz\u00a0t\u00fcm sorular\u0131n\u0131z i\u00e7in a\u015fa\u011f\u0131daki mesaj formunu kullanabilirsiniz.<br \/>\nBize g\u00f6nderdi\u011finiz mesajlar\u0131n\u0131z en k\u0131sa s\u00fcre i\u00e7inde yan\u0131tlayaca\u011f\u0131z.<\/p>\n<p>[\/vc_column_text][vc_row_inner add_dividers_between_columns=&#8221;true&#8221;][vc_column_inner width=&#8221;1\/3&#8243; show_column_divider_in=&#8221;ezy-vc-col-divider-md&#8221; padding_spacement_sm=&#8221;3rem \/ 0rem \/ 3rem \/ 0rem&#8221; custom_spacement_padding_id=&#8221;5ea7119a558b6&#8243; offset=&#8221;vc_col-md-offset-2 vc_col-md-4 vc_col-sm-offset-0&#8243;]<div  class=\"ezy-icon-box  appear-animation\" data-appear-animation=\"fadeInLeftShorter\" data-appear-animation-delay=\"1200\" data-appear-animation-duration=\"750ms\"><div class=\"icon-box icon-box-style-6\"><div class=\"icon-box-icon pr-0  pb-2 rounded-circle\" style=\"padding-left: 14px !important;\"><i class=\"lnr lnr-apartment text-color-primary text-10\"><\/i><\/div><div class=\"icon-box-info\"><div class=\"icon-box-info-title\"><span class=\"ezy-text-tag heading-sub-title font-weight-normal has-skin-text-color \"><\/span><h3 class=\"ezy-text-tag w-100 font-weight-bold has-skin-text-color \" style=\"font-size: 18px !important;  margin-bottom: 0px;\">Adres<\/h3><\/div><p>Hamidiye Mah. Cendere Cad. Porta Vadi T3 Blok Kat:8 No:103\/2 Ka\u011f\u0131thane, 34408 \u0130stanbul \/ T\u00fcrkiye<\/p>\n<\/div><\/div><\/div>[\/vc_column_inner][vc_column_inner width=&#8221;1\/3&#8243; padding_spacement_sm=&#8221;3rem \/ 0rem \/ 3rem \/ 0rem&#8221; padding_spacement_xs=&#8221;3rem \/ 0rem \/ 4rem \/ 0rem&#8221; offset=&#8221;vc_col-md-4&#8243;]<div  class=\"ezy-icon-box  appear-animation\" data-appear-animation=\"fadeInRightShorter\" data-appear-animation-delay=\"1200\" data-appear-animation-duration=\"750ms\"><div class=\"icon-box icon-box-style-6\"><div class=\"icon-box-icon pr-0  pb-2 rounded-circle\"><i class=\"lnr lnr-phone-handset text-color-primary text-10\"><\/i><\/div><div class=\"icon-box-info\"><div class=\"icon-box-info-title\"><span class=\"ezy-text-tag heading-sub-title font-weight-normal has-skin-text-color \"><\/span><h3 class=\"ezy-text-tag w-100 font-weight-bold has-skin-text-color \" style=\"font-size: 18px !important;  margin-bottom: 0px;\">Telefon &amp; E-posta<\/h3><\/div><p>(0212) 741 50 60 ve 61<br \/>\n<a href=\"mailto:info@timosys.net\">info@timosys.net<\/a><\/p>\n<\/div><\/div><\/div>[\/vc_column_inner][\/vc_row_inner][\/vc_column][\/vc_row][vc_section background_color=&#8221;custom&#8221; background_color_custom=&#8221;#f1f3f7&#8243;][vc_row css=&#8221;.vc_custom_1560193486764{margin-top: -95px !important;margin-bottom: 55px !important;}&#8221;][vc_column]<div  class=\"ezy-button d-flex justify-content-center  appear-animation\" data-appear-animation=\"fadeIn\" data-appear-animation-delay=\"400\" data-appear-animation-duration=\"750ms\"><a href=\"#testcount_to_thickness\" data-toggle=\"collapse\" role=\"button\" aria-expanded=\"false\" class=\"btn align-items-center btn-primary btn-rounded font-weight-bold\" onclick=\"scrollAndFocus(\\'#form\\', \\'#name\\', 110);\"  style=\"font-size: 11px; padding: 12px 45px;\">MESAJ YOLLAYAB\u0130L\u0130RS\u0130N\u0130Z<\/a><\/div>[\/vc_column][\/vc_row][vc_row][vc_column]<div class=\"ezy-expandable-container-wrapper\"><div class=\"ezy-expandable-container collapse\" id=\"testcount_to_thickness\">\n<div class=\"wpcf7 no-js\" id=\"wpcf7-f4750-o1\" lang=\"en-US\" dir=\"ltr\" data-wpcf7-id=\"4750\">\n<div class=\"screen-reader-response\"><p role=\"status\" aria-live=\"polite\" aria-atomic=\"true\"><\/p> <ul><\/ul><\/div>\n<form action=\"\/index.php\/wp-json\/wp\/v2\/pages\/4731#wpcf7-f4750-o1\" method=\"post\" class=\"wpcf7-form init\" aria-label=\"Contact form\" novalidate=\"novalidate\" data-status=\"init\">\n<fieldset class=\"hidden-fields-container\"><input type=\"hidden\" name=\"_wpcf7\" value=\"4750\" \/><input type=\"hidden\" name=\"_wpcf7_version\" value=\"6.1.5\" \/><input type=\"hidden\" name=\"_wpcf7_locale\" value=\"en_US\" \/><input type=\"hidden\" name=\"_wpcf7_unit_tag\" value=\"wpcf7-f4750-o1\" \/><input type=\"hidden\" name=\"_wpcf7_container_post\" value=\"0\" \/><input type=\"hidden\" name=\"_wpcf7_posted_data_hash\" value=\"\" \/>\n<\/fieldset>\n<div id=\"form\" class=\"mb-4\">\n\t<div class=\"form-row\">\n\t\t<div class=\"form-group col-lg-3\">\n\t\t\t<p><span class=\"wpcf7-form-control-wrap\" data-name=\"your-name\"><input size=\"40\" maxlength=\"400\" class=\"wpcf7-form-control wpcf7-text wpcf7-validates-as-required\" id=\"name\" aria-required=\"true\" aria-invalid=\"false\" placeholder=\"Name\" value=\"\" type=\"text\" name=\"your-name\" \/><\/span>\n\t\t\t<\/p>\n\t\t<\/div>\n\t\t<div class=\"form-group col-lg-3\">\n\t\t\t<p><span class=\"wpcf7-form-control-wrap\" data-name=\"your-email\"><input size=\"40\" maxlength=\"400\" class=\"wpcf7-form-control wpcf7-email wpcf7-validates-as-required wpcf7-text wpcf7-validates-as-email\" aria-required=\"true\" aria-invalid=\"false\" placeholder=\"Email\" value=\"\" type=\"email\" name=\"your-email\" \/><\/span>\n\t\t\t<\/p>\n\t\t<\/div>\n\t\t<div class=\"form-group col-lg-6\">\n\t\t\t<p><span class=\"wpcf7-form-control-wrap\" data-name=\"your-subject\"><input size=\"40\" maxlength=\"400\" class=\"wpcf7-form-control wpcf7-text wpcf7-validates-as-required\" aria-required=\"true\" aria-invalid=\"false\" placeholder=\"Subject\" value=\"\" type=\"text\" name=\"your-subject\" \/><\/span>\n\t\t\t<\/p>\n\t\t<\/div>\n\t<\/div>\n\t<div class=\"form-row mb-2\">\n\t\t<div class=\"form-group col\">\n\t\t\t<p><span class=\"wpcf7-form-control-wrap\" data-name=\"your-message\"><textarea cols=\"40\" rows=\"6\" maxlength=\"2000\" class=\"wpcf7-form-control wpcf7-textarea wpcf7-validates-as-required\" aria-required=\"true\" aria-invalid=\"false\" placeholder=\"Message\" name=\"your-message\"><\/textarea><\/span>\n\t\t\t<\/p>\n\t\t<\/div>\n\t<\/div>\n\t<div class=\"form-row\">\n\t\t<div class=\"form-group col\">\n\t\t\t<p><input class=\"wpcf7-form-control wpcf7-submit has-spinner btn btn-primary btn-rounded btn-4 font-weight-semibold text-0\" type=\"submit\" value=\"SEND MESSAGE\" \/>\n\t\t\t<\/p>\n\t\t<\/div>\n\t<\/div>\n<\/div><div class=\"wpcf7-response-output\" aria-hidden=\"true\"><\/div>\n<\/form>\n<\/div>\n\n<\/div><\/div>[\/vc_column][\/vc_row][\/vc_section][vc_row full_width=&#8221;stretch_row_content_no_spaces&#8221;][vc_column][vc_raw_html]JTNDaWZyYW1lJTIwc3JjJTNEJTIyaHR0cHMlM0ElMkYlMkZ3d3cuZ29vZ2xlLmNvbSUyRm1hcHMlMkZlbWJlZCUzRnBiJTNEJTIxMW0xOCUyMTFtMTIlMjExbTMlMjExZDg5My44MzExMDA5MTY0ODk0JTIxMmQyOC45ODE5MzI3NzY5NzAwMjclMjEzZDQxLjEwMjI2MjEwMTU1NzA5NSUyMTJtMyUyMTFmMCUyMTJmMCUyMTNmMCUyMTNtMiUyMTFpMTAyNCUyMTJpNzY4JTIxNGYxMy4xJTIxM20zJTIxMW0yJTIxMXMweDE0Y2FjZjRlOTg5MWIyODUlMjUzQTB4MmI2ODRhZDQwMDczMWVhYyUyMTJ6Vk1Td1RVOGdSVXhGUzFSU3hMQkxJRlpGSUVWTVJVdFVVazlPeExCTElFRXV4WjR1JTIxNWUwJTIxM20yJTIxMXN0ciUyMTJzdHIlMjE0djE2Nzk5MDM0NTI5OTclMjE1bTIlMjExc3RyJTIxMnN0ciUyMiUyMHdpZHRoJTNEJTIyMTAwJTI1JTIyJTIwaGVpZ2h0JTNEJTIyNTUwJTIyJTIwc3R5bGUlM0QlMjJib3JkZXIlM0EwJTNCJTIyJTIwYWxsb3dmdWxsc2NyZWVuJTNEJTIyJTIyJTIwbG9hZGluZyUzRCUyMmxhenklMjIlMjByZWZlcnJlcnBvbGljeSUzRCUyMm5vLXJlZmVycmVyLXdoZW4tZG93bmdyYWRlJTIyJTNFJTNDJTJGaWZyYW1lJTNF[\/vc_raw_html][\/vc_column][\/vc_row]<\/p>\n","protected":false},"excerpt":{"rendered":"<p>[vc_section full_width=&#8221;stretch_row_content&#8221; parallax=&#8221;content-moving&#8221; parallax_image=&#8221;55209&#8243; css_animation=&#8221;fadeIn&#8221; css_animation_delay=&#8221;200&#8243;][vc_row][vc_column][vc_empty_space height=&#8221;300px&#8221;][\/vc_column][\/vc_row][\/vc_section][vc_row css_animation=&#8221;fadeInUpShorter&#8221; css_animation_delay=&#8221;400&#8243; css=&#8221;.vc_custom_1560193705157{margin-top: -150px !important;margin-bottom: 0px !important;padding-top: 70px !important;background-color: #ffffff !important;border-radius: 5px !important;}&#8221;][vc_column width=&#8221;5\/6&#8243; offset=&#8221;vc_col-sm-offset-1&#8243; css=&#8221;.vc_custom_1560255232527{padding-right: 2rem !important;padding-left: 2rem !important;}&#8221;][vc_column_text css_animation=&#8221;fadeInUpShorter&#8221; css_animation_delay=&#8221;1000&#8243; css=&#8221;.vc_custom_1679902968058{margin-bottom: 50px !important;}&#8221;] Bize sormak istedi\u011finiz\u00a0t\u00fcm sorular\u0131n\u0131z i\u00e7in a\u015fa\u011f\u0131daki mesaj formunu kullanabilirsiniz. Bize g\u00f6nderdi\u011finiz mesajlar\u0131n\u0131z en k\u0131sa s\u00fcre i\u00e7inde yan\u0131tlayaca\u011f\u0131z. [\/vc_column_text][vc_row_inner add_dividers_between_columns=&#8221;true&#8221;][vc_column_inner width=&#8221;1\/3&#8243; show_column_divider_in=&#8221;ezy-vc-col-divider-md&#8221; padding_spacement_sm=&#8221;3rem \/ [&hellip;]<\/p>\n","protected":false},"author":1,"featured_media":0,"parent":0,"menu_order":0,"comment_status":"closed","ping_status":"closed","template":"","meta":{"footnotes":""},"class_list":["post-4731","page","type-page","status-publish","hentry"],"_links":{"self":[{"href":"http:\/\/www.timosys.net\/index.php\/wp-json\/wp\/v2\/pages\/4731","targetHints":{"allow":["GET"]}}],"collection":[{"href":"http:\/\/www.timosys.net\/index.php\/wp-json\/wp\/v2\/pages"}],"about":[{"href":"http:\/\/www.timosys.net\/index.php\/wp-json\/wp\/v2\/types\/page"}],"author":[{"embeddable":true,"href":"http:\/\/www.timosys.net\/index.php\/wp-json\/wp\/v2\/users\/1"}],"replies":[{"embeddable":true,"href":"http:\/\/www.timosys.net\/index.php\/wp-json\/wp\/v2\/comments?post=4731"}],"version-history":[{"count":19,"href":"http:\/\/www.timosys.net\/index.php\/wp-json\/wp\/v2\/pages\/4731\/revisions"}],"predecessor-version":[{"id":55450,"href":"http:\/\/www.timosys.net\/index.php\/wp-json\/wp\/v2\/pages\/4731\/revisions\/55450"}],"wp:attachment":[{"href":"http:\/\/www.timosys.net\/index.php\/wp-json\/wp\/v2\/media?parent=4731"}],"curies":[{"name":"wp","href":"https:\/\/api.w.org\/{rel}","templated":true}]}}