{"id":55229,"date":"2023-03-27T13:58:34","date_gmt":"2023-03-27T13:58:34","guid":{"rendered":"http:\/\/www.timosys.net\/?post_type=product&#038;p=55229"},"modified":"2024-11-12T06:03:41","modified_gmt":"2024-11-12T06:03:41","slug":"emanager-actio-1072","status":"publish","type":"product","link":"http:\/\/www.timosys.net\/index.php\/product\/emanager-actio-1072\/","title":{"rendered":"eManager"},"content":{"rendered":"<div class=\"container py-5\"><div class=\"row\"><div class=\"col\"><p><strong>CPU ve Di\u011fer \u00d6zellikler<\/strong><\/p>\n<ul>\n<li><strong>\u0130zleme<\/strong>, <strong>kontrol<\/strong> ve <strong>sens\u00f6r verisinin buluta aktar\u0131lmadan \u00f6nce<\/strong> i\u015fleme tabi tutuldu\u011fu uygulamalar i\u00e7in idealdir.<\/li>\n<li><strong>ARM Cortex-A7 700 MHz<\/strong>\u00a0i\u015flemci &#8211; Linux Yocto g\u00f6m\u00fcl\u00fc i\u015fletim sistemi<\/li>\n<li><strong>256 MB DDR3<\/strong>\u00a0RAM bellek<\/li>\n<li><strong>512 MB NAND<\/strong>\u00a0Flash bellek<\/li>\n<li><strong>RS-232\/485, Ethernet and Wi-Fi<\/strong>\u00a0haberle\u015fme<\/li>\n<li><strong>Node-RED<\/strong>\u00a0kullan\u0131ma haz\u0131r. Verinin okunmas\u0131n\u0131 ve aktar\u0131m\u0131n\u0131 basitle\u015ftirir.<\/li>\n<\/ul>\n<\/div><\/div><\/div>","protected":false},"excerpt":{"rendered":"<p><strong>IOT Mod\u00fcler Programlanabilir Kontrol Cihazlar\u0131<\/strong><\/p>\n<p>eManager Linux Yocto i\u015fletim sistemi ve Node RED yaz\u0131l\u0131m\u0131 kullanan y\u00fcksek performansl\u0131 bir i\u015flemciyle donanm\u0131\u015f end\u00fcstriyel tip bir kontrol cihaz\u0131d\u0131r. \u00dczerinde RS-232\/485 seri haberle\u015fme \u00e7\u0131k\u0131\u015f\u0131, Ethernet 10\/100 portu, Wi-Fi aray\u00fcz\u00fc ve GPRS haberle\u015fme portu bulunur.<\/p>\n<table style=\"height: 70px;\" width=\"800\">\n<tbody>\n<tr>\n<td width=\"104\"><strong>Model<\/strong><\/td>\n<td width=\"68\"><strong>Sipari\u015f Kodu<\/strong><\/td>\n<td width=\"115\"><strong>CPU<\/strong><\/td>\n<td width=\"57\"><strong>RAM Bellek<\/strong><\/td>\n<td width=\"67\"><strong>Flash Bellek<\/strong><\/td>\n<td width=\"80\"><strong>Yard\u0131mc\u0131 Gerilim<\/strong><\/td>\n<td width=\"85\"><strong>Haberle\u015fme <\/strong><\/td>\n<\/tr>\n<tr>\n<td width=\"104\">eManager<\/td>\n<td width=\"68\">D20000<\/td>\n<td width=\"115\">ARM Cortex A7 700 MHz<\/td>\n<td width=\"57\">256 MB<\/td>\n<td width=\"67\">512 MB NAND<\/td>\n<td width=\"80\">85..264 VAC<\/td>\n<td width=\"85\">RS-ETH-WIFI<\/td>\n<\/tr>\n<\/tbody>\n<\/table>\n<p>&nbsp;<\/p>\n<p><img loading=\"lazy\" decoding=\"async\" class=\"alignnone wp-image-55326\" src=\"http:\/\/www.timosys.net\/wp-content\/uploads\/2023\/03\/istockphoto-1298834280-170667a-250x300.jpg\" alt=\"\" width=\"52\" height=\"63\" srcset=\"http:\/\/www.timosys.net\/wp-content\/uploads\/2023\/03\/istockphoto-1298834280-170667a-250x300.jpg 250w, http:\/\/www.timosys.net\/wp-content\/uploads\/2023\/03\/istockphoto-1298834280-170667a.jpg 380w\" sizes=\"auto, (max-width: 52px) 100vw, 52px\" \/><\/p>\n","protected":false},"featured_media":55293,"comment_status":"open","ping_status":"closed","template":"","meta":[],"product_brand":[],"product_cat":[54],"product_tag":[],"class_list":{"0":"post-55229","1":"product","2":"type-product","3":"status-publish","4":"has-post-thumbnail","6":"product_cat-endustriyel-otomasyon-ve-uzak-denetim","8":"first","9":"instock","10":"shipping-taxable","11":"product-type-simple"},"_links":{"self":[{"href":"http:\/\/www.timosys.net\/index.php\/wp-json\/wp\/v2\/product\/55229","targetHints":{"allow":["GET"]}}],"collection":[{"href":"http:\/\/www.timosys.net\/index.php\/wp-json\/wp\/v2\/product"}],"about":[{"href":"http:\/\/www.timosys.net\/index.php\/wp-json\/wp\/v2\/types\/product"}],"replies":[{"embeddable":true,"href":"http:\/\/www.timosys.net\/index.php\/wp-json\/wp\/v2\/comments?post=55229"}],"wp:featuredmedia":[{"embeddable":true,"href":"http:\/\/www.timosys.net\/index.php\/wp-json\/wp\/v2\/media\/55293"}],"wp:attachment":[{"href":"http:\/\/www.timosys.net\/index.php\/wp-json\/wp\/v2\/media?parent=55229"}],"wp:term":[{"taxonomy":"product_brand","embeddable":true,"href":"http:\/\/www.timosys.net\/index.php\/wp-json\/wp\/v2\/product_brand?post=55229"},{"taxonomy":"product_cat","embeddable":true,"href":"http:\/\/www.timosys.net\/index.php\/wp-json\/wp\/v2\/product_cat?post=55229"},{"taxonomy":"product_tag","embeddable":true,"href":"http:\/\/www.timosys.net\/index.php\/wp-json\/wp\/v2\/product_tag?post=55229"}],"curies":[{"name":"wp","href":"https:\/\/api.w.org\/{rel}","templated":true}]}}