{"id":55334,"date":"2023-04-26T12:59:59","date_gmt":"2023-04-26T12:59:59","guid":{"rendered":"http:\/\/www.timosys.net\/?post_type=product&#038;p=55334"},"modified":"2023-06-09T12:12:47","modified_gmt":"2023-06-09T12:12:47","slug":"timosys-a10","status":"publish","type":"product","link":"http:\/\/www.timosys.net\/index.php\/product\/timosys-a10\/","title":{"rendered":"\u00d6n \u00d6demeli Mod\u00fcller"},"content":{"rendered":"<div class=\"container py-5\"><div class=\"row\"><div class=\"col\"><p><strong><span class=\"thin-font\">Merkezi \u0130zleme Yaz\u0131l\u0131m\u0131 \u00fczerinden izlenen parametreler :<\/span><\/strong><\/p>\n<p><strong>Elektrik sayac\u0131<\/strong><\/p>\n<ul>\n<li>Faz ak\u0131mlar\u0131 ( \u00fc\u00e7 faz i\u00e7in ayr\u0131 \u00f6l\u00e7\u00fcm )<\/li>\n<li>Faz gerilimleri ( \u00fc\u00e7 faz i\u00e7in ayr\u0131 \u00f6l\u00e7\u00fcm )<\/li>\n<li>G\u00fc\u00e7 \u00f6l\u00e7\u00fcm\u00fc ( aktif ve reaktif )<\/li>\n<li>Frekans<\/li>\n<li>G\u00fc\u00e7 fakt\u00f6r\u00fc ( cos \u00d8 )<\/li>\n<li>Aktif ve Reaktif Enerji \u00f6l\u00e7\u00fcm\u00fc ( \u015eebeke ve Jenerat\u00f6r ayr\u0131 olmak \u00fczere )<br \/>\nToplamda saya\u00e7 \u00fczerindeki 14 farkl\u0131 de\u011ferin merkezi izleme yaz\u0131l\u0131m\u0131 ile takibi yap\u0131l\u0131r.<\/li>\n<\/ul>\n<p><strong>\u00d6n \u00d6deme Mod\u00fcl\u00fc<\/strong><\/p>\n<ul>\n<li>Toplam y\u00fcklenen kont\u00f6r miktar\u0131<\/li>\n<li>Kalan kont\u00f6r miktar\u0131<\/li>\n<li>En son y\u00fcklenen kont\u00f6r miktar\u0131<\/li>\n<li>En son kont\u00f6r y\u00fckleme tarihi<\/li>\n<li>Her saya\u00e7 i\u00e7in ayr\u0131 ayr\u0131 tan\u0131mlanan uyar\u0131 kont\u00f6r limiti<\/li>\n<li>\u00d6n \u00f6deme \u00e7al\u0131\u015fma modu se\u00e7ilebilir ( \u015eantiye modu, Otomatik mod ve Uzaktan kumanda modu)<\/li>\n<li>Her mod\u00fcl \u00fczerindeki 2 giri\u015f ve 2 r\u00f6le \u00e7\u0131k\u0131\u015f\u0131n\u0131n durumu<\/li>\n<\/ul>\n<p><strong>Su sayac\u0131<\/strong><\/p>\n<ul>\n<li>Su t\u00fcketimi m\u00b3 Kalorimetre<\/li>\n<li>Is\u0131tma ve So\u011futma t\u00fcketimi kWh<\/li>\n<\/ul>\n<\/div><\/div><\/div>","protected":false},"excerpt":{"rendered":"<p>\u00d6n \u00f6demeli mod\u00fcl sistemleri ticaret merkezleri ve al\u0131\u015fveri\u015f merkezlerinde bina y\u00f6netimlerine, m\u00fc\u015fterilerine satt\u0131klar\u0131 elektrik, su veya \u0131s\u0131tma bedelini pe\u015fin olarak tahsil etmeye olanak tan\u0131maktad\u0131r. Saya\u00e7 okuma, faturalama, fatura da\u011f\u0131t\u0131m, tahsilat ve \u00f6deme takibi faaliyetlerine gerek kalmad\u0131g\u0131 i\u00e7in i\u015fletme maliyetlerini \u00f6nemli oranda d\u00fc\u015f\u00fcrmektedir.<\/p>\n<p>\u00d6n \u00f6demeli mod\u00fcl sistemi, elektrik saya\u00e7lar\u0131na oldu\u011fu gibi su saya\u00e7lar\u0131 gibi mekanik saya\u00e7lara da uyarlanabilmektedir. \u00d6n \u00f6deme mod\u00fcl\u00fc seri haberle\u015fme \u00fczerinden saya\u00e7tan t\u00fcketim degerini almakta ve kont\u00f6r degerini buna uygun olarak i\u015flemektedir. Kredi yetersiz oldu\u011funda mod\u00fcl kesme sinyali vererek giri\u015f \u015falterine a\u00e7ma kumandas\u0131 veya motorlu vanaya kumanda vererek kesme yapar. Sistem; uzaktan y\u00fckleme yap\u0131larak \u00e7al\u0131\u015ft\u0131r\u0131labildigi gibi mod\u00fcl \u00fczerinden USB \u00e7ubuk ile manuel y\u00fckleme yaparak da \u00e7al\u0131\u015ft\u0131r\u0131labilir.<\/p>\n<p>&nbsp;<\/p>\n<p><img loading=\"lazy\" decoding=\"async\" class=\"alignnone wp-image-55326\" src=\"http:\/\/www.timosys.net\/wp-content\/uploads\/2023\/03\/istockphoto-1298834280-170667a-250x300.jpg\" alt=\"\" width=\"52\" height=\"63\" srcset=\"http:\/\/www.timosys.net\/wp-content\/uploads\/2023\/03\/istockphoto-1298834280-170667a-250x300.jpg 250w, http:\/\/www.timosys.net\/wp-content\/uploads\/2023\/03\/istockphoto-1298834280-170667a.jpg 380w\" sizes=\"auto, (max-width: 52px) 100vw, 52px\" \/><\/p>\n","protected":false},"featured_media":55336,"comment_status":"open","ping_status":"closed","template":"","meta":[],"product_brand":[],"product_cat":[54],"product_tag":[],"class_list":{"0":"post-55334","1":"product","2":"type-product","3":"status-publish","4":"has-post-thumbnail","6":"product_cat-endustriyel-otomasyon-ve-uzak-denetim","8":"first","9":"instock","10":"shipping-taxable","11":"product-type-simple"},"_links":{"self":[{"href":"http:\/\/www.timosys.net\/index.php\/wp-json\/wp\/v2\/product\/55334","targetHints":{"allow":["GET"]}}],"collection":[{"href":"http:\/\/www.timosys.net\/index.php\/wp-json\/wp\/v2\/product"}],"about":[{"href":"http:\/\/www.timosys.net\/index.php\/wp-json\/wp\/v2\/types\/product"}],"replies":[{"embeddable":true,"href":"http:\/\/www.timosys.net\/index.php\/wp-json\/wp\/v2\/comments?post=55334"}],"wp:featuredmedia":[{"embeddable":true,"href":"http:\/\/www.timosys.net\/index.php\/wp-json\/wp\/v2\/media\/55336"}],"wp:attachment":[{"href":"http:\/\/www.timosys.net\/index.php\/wp-json\/wp\/v2\/media?parent=55334"}],"wp:term":[{"taxonomy":"product_brand","embeddable":true,"href":"http:\/\/www.timosys.net\/index.php\/wp-json\/wp\/v2\/product_brand?post=55334"},{"taxonomy":"product_cat","embeddable":true,"href":"http:\/\/www.timosys.net\/index.php\/wp-json\/wp\/v2\/product_cat?post=55334"},{"taxonomy":"product_tag","embeddable":true,"href":"http:\/\/www.timosys.net\/index.php\/wp-json\/wp\/v2\/product_tag?post=55334"}],"curies":[{"name":"wp","href":"https:\/\/api.w.org\/{rel}","templated":true}]}}